{"id":9,"date":"2016-09-28T11:42:31","date_gmt":"2016-09-28T09:42:31","guid":{"rendered":"https:\/\/www.hippodisco.fr\/?page_id=9"},"modified":"2022-06-16T12:48:54","modified_gmt":"2022-06-16T10:48:54","slug":"references","status":"publish","type":"page","link":"https:\/\/www.hippodisco.fr\/index.php\/references\/","title":{"rendered":"&#8211; R\u00e9f\u00e9rences &#8211;"},"content":{"rendered":"<p>&nbsp;<\/p>\n<p>&nbsp;<\/p>\n<div class=\"col-md-12 page\">\n<h2 style=\"text-align: center; margin-top: -10px;\">Il nous ont fait confiance<\/h2>\n<p>&nbsp;<\/p>\n<\/div>\n<div class=\"col-md-12 page \">\n<div class=\"col-md-7\">\n<h5>Animation<\/h5>\n<blockquote><p>\u2022\u00a0mariage a la ferme du Manet Montigny le Bretonneux (<span style=\"font-family: arial,helvetica,sans-serif;\">78<\/span>)<br \/>\n\u2022 Garden Party du centre d&rsquo;\u00e9quitation Equicampus a Feucherolles (<span style=\"font-family: arial,helvetica,sans-serif;\">78<\/span>)<br \/>\n\u2022 1\u00e8re \u00e9dition du run and bike de plessis-feu-Aussoux (<span style=\"font-family: arial,helvetica,sans-serif;\">77<\/span>)<br \/>\n\u2022 Soir\u00e9e de AVENIR-APEI \u00e0 La Celle-Saint-Cloud\u00a0(<span style=\"font-family: arial,helvetica,sans-serif;\">78<\/span>)<br \/>\n\u2022 11\u00e8me &#8211; 12\u00e8me &#8211; 13\u00e8me foul\u00e9es du Plessis feu Aussoux\u00a0(<span style=\"font-family: arial,helvetica,sans-serif;\">77<\/span>)<br \/>\n\u2022 dj pour R\u00e9veillon a Montigny-le-Bretonneux (<span style=\"font-family: arial,helvetica,sans-serif;\">78<\/span>)<\/p><\/blockquote>\n<\/div>\n<div class=\"col-md-5\"><img decoding=\"async\" loading=\"lazy\" class=\"alignnone wp-image-495 \" title=\"animation\" src=\"https:\/\/www.hippodisco.fr\/wp-content\/uploads\/2019\/03\/DSCN0873-1.jpg\" alt=\"\" width=\"385\" height=\"289\" srcset=\"https:\/\/www.hippodisco.fr\/wp-content\/uploads\/2019\/03\/DSCN0873-1.jpg 2592w, https:\/\/www.hippodisco.fr\/wp-content\/uploads\/2019\/03\/DSCN0873-1-300x225.jpg 300w, https:\/\/www.hippodisco.fr\/wp-content\/uploads\/2019\/03\/DSCN0873-1-768x576.jpg 768w, https:\/\/www.hippodisco.fr\/wp-content\/uploads\/2019\/03\/DSCN0873-1-1024x768.jpg 1024w\" sizes=\"(max-width: 385px) 100vw, 385px\" \/><\/div>\n<div class=\"col-md-5\"><\/div>\n<\/div>\n<div class=\"col-md-12 page \">\n<div class=\"col-md-7\">\n<h5>Sonorisation<\/h5>\n<blockquote><p>\u2022 Concour cso a saint Cyr (<span style=\"font-family: arial,helvetica,sans-serif;\">86<\/span>)<br \/>\n\u2022 Jumping de AgroParisTech 2018 &#8211; 2019 &#8211; 2022 a grignon (<span style=\"font-family: arial,helvetica,sans-serif;\">78<\/span>)<br \/>\n\u2022 Porte ouverte du centre \u00e9questre \u00e9qui-loisir\u00a0(<span style=\"font-family: arial,helvetica,sans-serif;\">86<\/span>)<br \/>\n\u2022\u00a0Sainte barbe des pompiers de Montesson\u00a0(<span style=\"font-family: arial,helvetica,sans-serif;\">78<\/span>)<br \/>\n\u2022\u00a0foul\u00e9es Roz\u00e9enne 2017 &#8211; 2018 &#8211; 2019\u00a0a Rozay en brie (<span style=\"font-family: arial,helvetica,sans-serif;\">77<\/span>)<br \/>\n\u2022\u00a0Sainte Barbe des pompiers de Chanteloup les vignes (<span style=\"font-family: arial,helvetica,sans-serif;\">78<\/span>)<\/p><\/blockquote>\n<\/div>\n<div class=\"col-md-5\"><img decoding=\"async\" loading=\"lazy\" class=\"alignnone wp-image-238 \" title=\"sonorisation\" src=\"https:\/\/www.hippodisco.fr\/wp-content\/uploads\/2016\/09\/reference-sonorisation-1.jpg\" alt=\"sonorisation d'\u00e9v\u00e9nement\" width=\"400\" height=\"300\" srcset=\"https:\/\/www.hippodisco.fr\/wp-content\/uploads\/2016\/09\/reference-sonorisation-1.jpg 400w, https:\/\/www.hippodisco.fr\/wp-content\/uploads\/2016\/09\/reference-sonorisation-1-300x225.jpg 300w\" sizes=\"(max-width: 400px) 100vw, 400px\" \/><\/div>\n<\/div>\n","protected":false},"excerpt":{"rendered":"<p>&nbsp; &nbsp; Il nous ont fait confiance &nbsp; Animation \u2022\u00a0mariage a la ferme du Manet Montigny le Bretonneux (78) \u2022 Garden Party du centre d&rsquo;\u00e9quitation Equicampus a Feucherolles (78) \u2022 1\u00e8re \u00e9dition du run and bike de plessis-feu-Aussoux (77) \u2022 Soir\u00e9e de AVENIR-APEI \u00e0 La Celle-Saint-Cloud\u00a0(78) \u2022 11\u00e8me &#8211; 12\u00e8me &#8211; 13\u00e8me foul\u00e9es du Plessis [&hellip;]<\/p>\n","protected":false},"author":1,"featured_media":0,"parent":0,"menu_order":0,"comment_status":"closed","ping_status":"closed","template":"","meta":[],"_links":{"self":[{"href":"https:\/\/www.hippodisco.fr\/index.php\/wp-json\/wp\/v2\/pages\/9"}],"collection":[{"href":"https:\/\/www.hippodisco.fr\/index.php\/wp-json\/wp\/v2\/pages"}],"about":[{"href":"https:\/\/www.hippodisco.fr\/index.php\/wp-json\/wp\/v2\/types\/page"}],"author":[{"embeddable":true,"href":"https:\/\/www.hippodisco.fr\/index.php\/wp-json\/wp\/v2\/users\/1"}],"replies":[{"embeddable":true,"href":"https:\/\/www.hippodisco.fr\/index.php\/wp-json\/wp\/v2\/comments?post=9"}],"version-history":[{"count":111,"href":"https:\/\/www.hippodisco.fr\/index.php\/wp-json\/wp\/v2\/pages\/9\/revisions"}],"predecessor-version":[{"id":535,"href":"https:\/\/www.hippodisco.fr\/index.php\/wp-json\/wp\/v2\/pages\/9\/revisions\/535"}],"wp:attachment":[{"href":"https:\/\/www.hippodisco.fr\/index.php\/wp-json\/wp\/v2\/media?parent=9"}],"curies":[{"name":"wp","href":"https:\/\/api.w.org\/{rel}","templated":true}]}}