{"id":13,"date":"2016-09-28T11:45:39","date_gmt":"2016-09-28T09:45:39","guid":{"rendered":"https:\/\/www.hippodisco.fr\/?page_id=13"},"modified":"2021-09-16T12:07:15","modified_gmt":"2021-09-16T10:07:15","slug":"mentions-legales-dj-animateur","status":"publish","type":"page","link":"https:\/\/www.hippodisco.fr\/index.php\/mentions-legales-dj-animateur\/","title":{"rendered":"&#8211; Mentions L\u00e9gales &#8211;"},"content":{"rendered":"<p>&nbsp;<\/p>\n<p><em>(r\u00e9glement\u00e9es par la Loi n\u00b0 2004-575 du 21 juin 2004 pour la confiance dans l\u2019\u00e9conomie num\u00e9rique)<\/em><\/p>\n<h2>Edition<\/h2>\n<p>Ce site est \u00e9dit\u00e9 par\u00a0 Hippo Disco (association loi 1901)<br \/>\n4 square Camille Pissarro<br \/>\n78280 Guyancourt<br \/>\nT\u00e9l. 01 30 49 13 52<br \/>\n<a href=\"mailto:contact.hippodisco@gmail.com\">contact.hippodisco@gmail.com<\/a><br \/>\nDirecteur de publication : Mr Gomez Christophe<\/p>\n<h2>R\u00e9alisation et H\u00e9bergement du site<\/h2>\n<p>Soci\u00e9t\u00e9 Ideo Point Com<br \/>\n5 rue du Four Brul\u00e9<br \/>\n37110 CHATEAU RENAULT<br \/>\nT_ 02 47 52 24 28<br \/>\n<a href=\"http:\/\/www.ideopoint.com\">www.ideopoint.com<\/a><\/p>\n<h2>Responsabilit\u00e9<\/h2>\n<p>Le propri\u00e9taire assure seul la responsabilit\u00e9 des informations et des prestations fournies. Cependant, Hippo Disco s\u2019efforce d\u2019assurer au mieux de ses possibilit\u00e9s, l\u2019exactitude et la mise \u00e0 jour des informations diffus\u00e9es sur ce site, dont il se r\u00e9serve le droit de corriger, \u00e0 tout moment et sans pr\u00e9avis, le contenu. Aussi, elle avertit le visiteur qu\u2019il lui appartient de v\u00e9rifier l\u2019information par d\u2019autres moyens. En cons\u00e9quence, Hippo Disco d\u00e9cline toute responsabilit\u00e9 : pour toute impr\u00e9cision, inexactitude ou omission portant sur des informations disponibles sur le site ; pour tous dommages r\u00e9sultant d\u2019une intrusion frauduleuse d\u2019un tiers ayant entra\u00een\u00e9 une modification des informations mises \u00e0 la disposition sur le site ; et plus g\u00e9n\u00e9ralement pour tous dommages, directs ou indirects, qu\u2019elles qu\u2019en soient les causes, origines, nature ou cons\u00e9quences, provoqu\u00e9s \u00e0 raison de l\u2019acc\u00e8s de quiconque au site ou de l\u2019impossibilit\u00e9 d\u2019y acc\u00e9der, de m\u00eame que l\u2019utilisation du site et\/ou du cr\u00e9dit accord\u00e9 \u00e0 une quelconque information provenant directement ou indirectement de ce dernier. Par ailleurs, sauf mention contraire, les droits de propri\u00e9t\u00e9 intellectuelle sur les documents contenus dans le site et chacun des \u00e9l\u00e9ments cr\u00e9\u00e9s pour ce site sont la propri\u00e9t\u00e9 exclusive de Hippo Disco ou de ses fournisseurs, ceux-ci ne conc\u00e9dant aucune licence, ni aucun droit que celui de consulter le site. La reproduction de tous documents publi\u00e9s sur le site est seulement autoris\u00e9e \u00e0 des fins exclusives d\u2019informations pour un usage personnel et priv\u00e9, toute reproduction et toute utilisation de copies r\u00e9alis\u00e9es \u00e0 d\u2019autres fins \u00e9tant express\u00e9ment interdite. Toutes les marques cit\u00e9es dans ce site appartiennent \u00e0 leurs compagnies respectives. Tous les produits, logos, et images cit\u00e9s dans les pages de ce site sont la propri\u00e9t\u00e9 de leur marque respective.<\/p>\n<h2>Traitement des donn\u00e9es personnelles<\/h2>\n<p>Les informations que Hippo Disco sera amen\u00e9 \u00e0 recueillir proviennent de l\u2019enregistrement volontaire d\u2019une adresse courriel fournie par l\u2019internaute, lui permettant de recevoir une documentation, de se renseigner sur un point quelconque. Ces informations ne sont jamais communiqu\u00e9es \u00e0 des tiers.<\/p>\n<h2>Droits d\u2019auteur<\/h2>\n<p>L\u2019ensemble de ce site rel\u00e8ve de la l\u00e9gislation fran\u00e7aise et internationale sur le droit d\u2019auteur et la propri\u00e9t\u00e9 intellectuelle. Toute repr\u00e9sentation, reproduction, modification, utilisation commerciale, ainsi que tout transfert vers un autre site sont interdits, sauf autorisation \u00e0 demander par courrier \u00e0 l\u2019adresse indiqu\u00e9e plus haut. Seule une utilisation \u00e0 des fins strictement personnelle est autoris\u00e9e.<\/p>\n<h2>Liens Hypertexte (responsabilit\u00e9)<\/h2>\n<p>L\u2019\u00e9tablissement de lien vers notre site ne requiert pas d\u2019autorisation. Hippo Disco d\u00e9gage toute responsabilit\u00e9 dans ce cas.<\/p>\n","protected":false},"excerpt":{"rendered":"<p>&nbsp; (r\u00e9glement\u00e9es par la Loi n\u00b0 2004-575 du 21 juin 2004 pour la confiance dans l\u2019\u00e9conomie num\u00e9rique) Edition Ce site est \u00e9dit\u00e9 par\u00a0 Hippo Disco (association loi 1901) 4 square Camille Pissarro 78280 Guyancourt T\u00e9l. 01 30 49 13 52 contact.hippodisco@gmail.com Directeur de publication : Mr Gomez Christophe R\u00e9alisation et H\u00e9bergement du site Soci\u00e9t\u00e9 Ideo [&hellip;]<\/p>\n","protected":false},"author":1,"featured_media":0,"parent":0,"menu_order":0,"comment_status":"closed","ping_status":"closed","template":"","meta":[],"_links":{"self":[{"href":"https:\/\/www.hippodisco.fr\/index.php\/wp-json\/wp\/v2\/pages\/13"}],"collection":[{"href":"https:\/\/www.hippodisco.fr\/index.php\/wp-json\/wp\/v2\/pages"}],"about":[{"href":"https:\/\/www.hippodisco.fr\/index.php\/wp-json\/wp\/v2\/types\/page"}],"author":[{"embeddable":true,"href":"https:\/\/www.hippodisco.fr\/index.php\/wp-json\/wp\/v2\/users\/1"}],"replies":[{"embeddable":true,"href":"https:\/\/www.hippodisco.fr\/index.php\/wp-json\/wp\/v2\/comments?post=13"}],"version-history":[{"count":9,"href":"https:\/\/www.hippodisco.fr\/index.php\/wp-json\/wp\/v2\/pages\/13\/revisions"}],"predecessor-version":[{"id":532,"href":"https:\/\/www.hippodisco.fr\/index.php\/wp-json\/wp\/v2\/pages\/13\/revisions\/532"}],"wp:attachment":[{"href":"https:\/\/www.hippodisco.fr\/index.php\/wp-json\/wp\/v2\/media?parent=13"}],"curies":[{"name":"wp","href":"https:\/\/api.w.org\/{rel}","templated":true}]}}